{"id":562,"date":"2015-07-20T11:57:35","date_gmt":"2015-07-20T11:57:35","guid":{"rendered":"https:\/\/www.uzarpaslanmaz.com\/iletisim\/"},"modified":"2021-12-31T04:46:27","modified_gmt":"2021-12-31T01:46:27","slug":"contact","status":"publish","type":"page","link":"https:\/\/www.uzarpaslanmaz.com\/en\/contact\/","title":{"rendered":"Contact"},"content":{"rendered":"<p>[vc_row full_width=&#8221;stretch_row_content&#8221;][vc_column][vc_column_text]<div class=\"wpgmp_map_container wpgmp-map-1\" rel=\"map1\"><div class=\"wpgmp_map_parent\"><div class=\"wpgmp_map \" style=\"width:100%; height:450px;\" id=\"map1\" ><\/div><\/div><\/div><style> .wpgmp-map-1  .wpgmp_infowindow .fc-item-title{background-image:none;font-family:Montserrat, sans-serif;font-weight:700;font-size:16px;color:rgb(68, 68, 68);line-height:21.4286px;background-color:rgba(0, 0, 0, 0);font-style:normal;text-align:start;text-decoration:none solid rgb(68, 68, 68);margin-top:0px;margin-bottom:5px;margin-left:0px;margin-right:0px;padding-top:0px;padding-bottom:0px;padding-left:0px;padding-right:0px;} .wpgmp-map-1  .wpgmp_infowindow.wpgmp_infowindow_post .fc-item-title{background-image:none;font-family:Montserrat, sans-serif;font-weight:600;font-size:18px;color:rgb(33, 47, 61);line-height:21.4286px;background-color:rgba(0, 0, 0, 0);font-style:normal;text-align:start;text-decoration:none solid rgb(33, 47, 61);margin-top:0px;margin-bottom:5px;margin-left:0px;margin-right:0px;padding-top:0px;padding-bottom:0px;padding-left:0px;padding-right:0px;} .wpgmp-map-1 .wpgmp_locations{background-image:none;font-family:Montserrat, sans-serif;font-weight:400;font-size:15px;color:rgba(0, 0, 0, 0.87);line-height:21.4286px;background-color:rgba(0, 0, 0, 0);font-style:normal;text-align:start;text-decoration:none solid rgba(0, 0, 0, 0.87);margin-top:0px;margin-bottom:0px;margin-left:0px;margin-right:0px;padding-top:0px;padding-bottom:0px;padding-left:0px;padding-right:0px;} .wpgmp-map-1 .wpgmp_locations_head{background-image:none;font-family:Montserrat, sans-serif;font-weight:400;font-size:15px;color:rgba(0, 0, 0, 0.87);line-height:21.4286px;background-color:rgba(0, 0, 0, 0);font-style:normal;text-align:start;text-decoration:none solid rgba(0, 0, 0, 0.87);margin-top:0px;margin-bottom:0px;margin-left:0px;margin-right:0px;padding-top:0px;padding-bottom:0px;padding-left:0px;padding-right:0px;} .wpgmp-map-1 .place_title{background-image:none;font-family:Montserrat, sans-serif;font-weight:400;font-size:15px;color:rgb(34, 113, 177);line-height:21.4286px;background-color:rgba(0, 0, 0, 0);font-style:normal;text-align:start;text-decoration:underline solid rgb(34, 113, 177);margin-top:0px;margin-bottom:0px;margin-left:0px;margin-right:0px;padding-top:0px;padding-bottom:0px;padding-left:0px;padding-right:0px;} .wpgmp-map-1 .wpgmp_location_meta{background-image:none;font-family:Montserrat, sans-serif;font-weight:400;font-size:15px;color:rgba(0, 0, 0, 0.87);line-height:21.4286px;background-color:rgba(0, 0, 0, 0);font-style:normal;text-align:start;text-decoration:none solid rgba(0, 0, 0, 0.87);margin-top:0px;margin-bottom:0px;margin-left:0px;margin-right:0px;padding-top:0px;padding-bottom:0px;padding-left:0px;padding-right:0px;} .wpgmp-map-1 .wpgmp_locations_content{background-image:none;font-family:Montserrat, sans-serif;font-weight:400;font-size:15px;color:rgba(0, 0, 0, 0.87);line-height:21.4286px;background-color:rgba(0, 0, 0, 0);font-style:normal;text-align:start;text-decoration:none solid rgba(0, 0, 0, 0.87);margin-top:0px;margin-bottom:0px;margin-left:0px;margin-right:0px;padding-top:0px;padding-bottom:0px;padding-left:0px;padding-right:0px;}<\/style><script>jQuery(document).ready(function($) {var map1 = $(\"#map1\").maps({\"map_options\":{\"center_lat\":\"41.067215\",\"center_lng\":\"28.798809\",\"zoom\":13,\"map_type_id\":\"ROADMAP\",\"center_by_nearest\":false,\"fit_bounds\":false,\"center_circle_fillcolor\":\"#8CAEF2\",\"center_circle_strokecolor\":\"#8CAEF2\",\"show_center_circle\":false,\"show_center_marker\":false,\"center_marker_icon\":\"https:\\\/\\\/www.uzarpaslanmaz.com\\\/wp-content\\\/plugins\\\/wp-google-map-gold\\\/assets\\\/images\\\/\\\/default_marker.png\",\"draggable\":true,\"scroll_wheel\":\"true\",\"gesture\":\"auto\",\"marker_default_icon\":\"https:\\\/\\\/www.uzarpaslanmaz.com\\\/wp-content\\\/uploads\\\/2021\\\/12\\\/unnamed.png\",\"infowindow_setting\":\"<div class=\\\"fc-main\\\">\\n<div class=\\\"fc-item-title\\\">{marker_title} <span class=\\\"fc-badge info\\\">{marker_category}<\\\/span><\\\/div>\\n<div class=\\\"fc-item-featured_image\\\">{marker_image} <\\\/div>\\n<p>{marker_message}<\\\/p>\\n<address><b>Adres : <\\\/b>{marker_address}<\\\/address>\\n<\\\/div>\\n\",\"infowindow_geotags_setting\":\"<div class=\\\"fc-main\\\">\\n<div class=\\\"fc-item-title\\\">{post_title} <span class=\\\"fc-badge info\\\">{post_categories}<\\\/span><\\\/div>\\n<div class=\\\"fc-item-featured_image\\\">{post_featured_image} <\\\/div>\\n<p>{post_excerpt}<\\\/p>\\n<address><b>Address : <\\\/b>{marker_address}<\\\/address>\\n<p><a target=\\\"_blank\\\"  class=\\\"fc-btn fc-btn-small fc-btn-red\\\" href=\\\"{post_link}\\\">Read More...<\\\/a><\\\/div>\\n\",\"infowindow_skin\":{\"name\":\"default\",\"type\":\"infowindow\",\"sourcecode\":\"<div class=\\\"fc-main\\\"><div class=\\\"fc-item-title\\\">{marker_title} <span class=\\\"fc-badge info\\\">{marker_category}<\\\/span><\\\/div> <div class=\\\"fc-item-featured_image\\\">{marker_image} <\\\/div>{marker_message}<address><b>Adres : <\\\/b>{marker_address}<\\\/address><\\\/div>\"},\"infowindow_post_skin\":{\"name\":\"default\",\"type\":\"post\",\"sourcecode\":\"<div class=\\\"fc-main\\\"><div class=\\\"fc-item-title\\\">{post_title} <span class=\\\"fc-badge info\\\">{post_categories}<\\\/span><\\\/div> <div class=\\\"fc-item-featured_image\\\">{post_featured_image} <\\\/div>{post_excerpt}<address><b>Address : <\\\/b>{marker_address}<\\\/address><a target=\\\"_blank\\\"  class=\\\"fc-btn fc-btn-small fc-btn-red\\\" href=\\\"{post_link}\\\">Read More...<\\\/a><\\\/div>\"},\"infowindow_drop_animation\":false,\"close_infowindow_on_map_click\":false,\"default_infowindow_open\":false,\"infowindow_open_event\":\"click\",\"infowindow_filter_only\":false,\"infowindow_click_change_zoom\":0,\"infowindow_click_change_center\":false,\"full_screen_control\":true,\"search_control\":true,\"zoom_control\":true,\"map_type_control\":true,\"street_view_control\":true,\"locateme_control\":false,\"mobile_specific\":false,\"zoom_mobile\":5,\"draggable_mobile\":true,\"scroll_wheel_mobile\":true,\"full_screen_control_position\":\"TOP_RIGHT\",\"search_control_position\":\"TOP_LEFT\",\"locateme_control_position\":\"TOP_LEFT\",\"zoom_control_position\":\"RIGHT_BOTTOM\",\"map_type_control_position\":\"TOP_RIGHT\",\"map_type_control_style\":\"HORIZONTAL_BAR\",\"street_view_control_position\":\"TOP_LEFT\",\"map_control\":false,\"screens\":{\"smartphones\":{\"map_zoom_level_mobile\":\"5\"},\"ipads\":{\"map_zoom_level_mobile\":\"5\"},\"large-screens\":{\"map_zoom_level_mobile\":\"5\"}},\"map_infowindow_customisations\":false,\"infowindow_width\":\"100%\",\"infowindow_border_color\":\"rgba(0, 0, 0, 0.0980392)\",\"infowindow_bg_color\":\"#fff\",\"show_infowindow_header\":false,\"min_zoom\":\"13\",\"max_zoom\":\"19\",\"zoom_level_after_search\":\"10\",\"url_filters\":false,\"doubleclickzoom\":true,\"bound_map_after_filter\":false,\"display_reset_button\":false,\"map_reset_button_text\":\"Reset\",\"width\":\"100%\",\"height\":\"450\"},\"traffic_layer\":{\"display_layer\":true},\"places\":[{\"id\":\"1\",\"title\":\"MERKEZ\",\"address\":\"\\u0130.O.S.B. Metal-i\\u015f Sanayi Sitesi 9. Blok No:21 Ba\\u015fak\\u015fehir \\u2013 \\u0130stanbul\",\"source\":\"manual\",\"content\":\"\",\"location\":{\"icon\":\"https:\\\/\\\/www.uzarpaslanmaz.com\\\/wp-content\\\/uploads\\\/2021\\\/12\\\/unnamed.png\",\"lat\":\"41.067215\",\"lng\":\"28.798809\",\"city\":\"\\u0130stanbul\",\"state\":\"Ba\\u015fak\\u015fehir\",\"country\":\"T\\u00fcrkiye\",\"onclick_action\":\"marker\",\"redirect_custom_link\":\"\",\"marker_image\":\"\",\"open_new_tab\":\"yes\",\"postal_code\":\"34490\",\"draggable\":false,\"infowindow_default_open\":false,\"animation\":\"DROP\",\"infowindow_disable\":true,\"zoom\":5,\"extra_fields\":{\"listorder\":0}},\"categories\":[],\"custom_filters\":[]},{\"id\":\"2\",\"title\":\"DEPO\",\"address\":\"\\u0130.O.S.B. Atat\\u00fcrk Oto San. Sit. Ata \\u0130\\u015f merkezi yan\\u0131 Ba\\u015fak\\u015fehir - \\u0130stanbul - T\\u00fcrkiye\",\"source\":\"manual\",\"location\":{\"icon\":\"https:\\\/\\\/www.uzarpaslanmaz.com\\\/wp-content\\\/uploads\\\/2021\\\/12\\\/unnamed.png\",\"lat\":\"41.083364\",\"lng\":\"28.795859\",\"city\":\"\\u0130stanbul\",\"state\":\"Ba\\u015fak\\u015fehir\",\"country\":\"T\\u00fcrkiye\",\"onclick_action\":\"marker\",\"open_new_tab\":\"yes\",\"postal_code\":\"34490\",\"draggable\":false,\"infowindow_default_open\":false,\"animation\":\"DROP\",\"infowindow_disable\":true,\"zoom\":5,\"extra_fields\":{\"listorder\":0}}}],\"map_property\":{\"map_id\":\"1\",\"debug_mode\":false},\"shapes\":{\"drawing_editable\":false},\"filters\":{\"filters_container\":\"[data-container=\\\"wpgmp-filters-container\\\"]\"}}).data(\"wpgmp_maps\");});<\/script>[\/vc_column_text][\/vc_column][\/vc_row][vc_row full_width=&#8221;stretch_row&#8221; css=&#8221;.vc_custom_1640913528028{margin-top: 80px !important;}&#8221;][vc_column width=&#8221;3\/5&#8243; el_class=&#8221;with_adr&#8221;]<ul class=\"sc_list sc_list_style_iconed\" style=\"font-weight: 400;color:#0a0a0a;\"><li class=\"sc_list_item odd first\"><span class=\"sc_list_icon icon-right\" style=\"color:#0a0a0a;\"><\/span><strong>ADDRESS<\/strong><\/li><li class=\"sc_list_item even\" style=\"color:#ffffff;\"><span class=\"sc_list_icon icon-location-1\" style=\"color:#ffffff;\"><\/span><strong>OFFICE:<\/strong> \u0130.O.S.B. Metal-i\u015f Sanayi Sitesi 9. Blok No:21 Ba\u015fak\u015fehir &#8211; \u0130stanbul &#8211; T\u00fcrkiye<\/li><li class=\"sc_list_item odd\" style=\"color:#ffffff;\"><span class=\"sc_list_icon icon-location-1\" style=\"color:#ffffff;\"><\/span><strong>WAREHOUSE:<\/strong> \u0130.O.S.B. Atat\u00fcrk Oto San. Sit. Ata \u0130\u015f Merkezi Yan\u0131, Ba\u015fak\u015fehir &#8211; \u0130stanbul &#8211; T\u00fcrkiye<\/li><\/ul>[\/vc_column][vc_column width=&#8221;1\/5&#8243;]<ul class=\"sc_list sc_list_style_iconed\" style=\"font-weight: 400;color:#0a0a0a;\"><li class=\"sc_list_item odd first\"><span class=\"sc_list_icon icon-right\" style=\"color:#0a0a0a;\"><\/span><strong>PHONE<\/strong><\/li><li class=\"sc_list_item even\" style=\"color:#ffffff;\" title=\"+90 212 485 85 50\"><a href=\"tel:+90%20212%20485%2085%2050\"><span class=\"sc_list_icon icon-phone-1\" style=\"color:#ffffff;\"><\/span><span style=\"color: #ffffff;\">+90 212 485 85 50 (Pbx)<\/span><\/a><\/li><li class=\"sc_list_item odd\" style=\"color:#ffffff;\" title=\"+90 532 138 36 27\"><a href=\"tel:+905321383627\"><span class=\"sc_list_icon icon-phone-1\" style=\"color:#ffffff;\"><\/span><span style=\"color: #ffffff;\">+90 532 138 36 27<\/span><\/a><\/li><li class=\"sc_list_item even\" style=\"color:#ffffff;\" title=\"+90 532 138 36 25\"><a href=\"tel:+905321383625\"><span class=\"sc_list_icon icon-phone-1\" style=\"color:#ffffff;\"><\/span><span style=\"color: #ffffff;\">+90 532 138 36 25<\/span><\/a><\/li><\/ul>[\/vc_column][vc_column width=&#8221;1\/5&#8243;]<ul class=\"sc_list sc_list_style_iconed\" style=\"font-weight: 400;color:#0a0a0a;\"><li class=\"sc_list_item odd first\"><span class=\"sc_list_icon icon-right\" style=\"color:#0a0a0a;\"><\/span><strong>MAIL<\/strong><\/li><li class=\"sc_list_item even\" style=\"color:#ffffff;\"><a href=\"mailto:uzar@uzarpaslanmaz.com\"><span class=\"sc_list_icon icon-mail\" style=\"color:#ffffff;\"><\/span><span style=\"color: #ffffff;\">uzar@uzarpaslanmaz.com<\/span><\/a><\/li><li class=\"sc_list_item odd\" style=\"color:#ffffff;\"><a href=\"mailto:info@uzarpaslanmaz.com\"><span class=\"sc_list_icon icon-mail\" style=\"color:#ffffff;\"><\/span><span style=\"color: #ffffff;\">info@uzarpaslanmaz.com<\/span><\/a><\/li><\/ul>[\/vc_column][\/vc_row][vc_row full_width=&#8221;stretch_row&#8221; css=&#8221;.vc_custom_1639720101414{padding-top: 100px !important;}&#8221;][vc_column][vc_column_text]<\/p>\n<h5><strong>CONTACT &amp; INFORMATION FORM<\/strong><\/h5>\n<p>&nbsp;<\/p>\n<div id=\"quform-7af566\" class=\"quform quform-2 quform-theme-simple quform-support-page-caching\"><form id=\"quform-form-7af566\" class=\"quform-form quform-form-2\" action=\"\/en\/wp-json\/wp\/v2\/pages\/562#quform-7af566\" method=\"post\" enctype=\"multipart\/form-data\" novalidate=\"novalidate\" data-options=\"{&quot;id&quot;:2,&quot;uniqueId&quot;:&quot;7af566&quot;,&quot;theme&quot;:&quot;simple&quot;,&quot;ajax&quot;:true,&quot;logic&quot;:{&quot;logic&quot;:[],&quot;dependents&quot;:[],&quot;elementIds&quot;:[],&quot;dependentElementIds&quot;:[],&quot;animate&quot;:true},&quot;currentPageId&quot;:1,&quot;errorsIcon&quot;:&quot;&quot;,&quot;updateFancybox&quot;:true,&quot;hasPages&quot;:false,&quot;pages&quot;:[1],&quot;pageProgressType&quot;:&quot;numbers&quot;,&quot;tooltipsEnabled&quot;:true,&quot;tooltipClasses&quot;:&quot;qtip-quform-dark qtip-shadow&quot;,&quot;tooltipMy&quot;:&quot;left center&quot;,&quot;tooltipAt&quot;:&quot;right center&quot;,&quot;isRtl&quot;:false,&quot;scrollOffset&quot;:-50,&quot;scrollSpeed&quot;:800}\"><button class=\"quform-default-submit\" name=\"quform_submit\" type=\"submit\" value=\"submit\" aria-hidden=\"true\" tabindex=\"-1\"><\/button><div class=\"quform-form-inner quform-form-inner-2\"><input type=\"hidden\" name=\"quform_form_id\" value=\"2\" \/><input type=\"hidden\" name=\"quform_form_uid\" value=\"7af566\" \/><input type=\"hidden\" name=\"quform_count\" value=\"1\" \/><input type=\"hidden\" name=\"form_url\" value=\"https:\/\/www.uzarpaslanmaz.com\/en\/wp-json\/wp\/v2\/pages\/562\" \/><input type=\"hidden\" name=\"referring_url\" value=\"\" \/><input type=\"hidden\" name=\"post_id\" value=\"\" \/><input type=\"hidden\" name=\"post_title\" value=\"\" \/><input type=\"hidden\" name=\"quform_current_page_id\" value=\"1\" \/><input type=\"hidden\" name=\"quform_csrf_token\" value=\"TTyQD2wNbYHA8nLCAK1IVspn3BNLBq8kOFItnamr\" \/><div class=\"quform-elements quform-elements-2 quform-cf quform-responsive-elements-phone-landscape\"><div class=\"quform-element quform-element-page quform-page-1 quform-page-2_1 quform-cf quform-group-style-plain quform-first-page quform-last-page quform-current-page\"><div class=\"quform-child-elements\"><div class=\"quform-element quform-element-row quform-element-row-2_3 quform-2-columns quform-element-row-size-fixed quform-responsive-columns-phone-landscape\"><div class=\"quform-element quform-element-column quform-element-2_4\"><div class=\"quform-element quform-element-text quform-element-2_6 quform-cf quform-labels-inside quform-element-required\"><div class=\"quform-spacer\"><div class=\"quform-label quform-label-2_6\"><span class=\"quform-label-icon\"><i class=\"fa fa-user\"><\/i><\/span><label class=\"quform-label-text\" for=\"quform_2_6_7af566\">Name<span class=\"quform-required\">*<\/span><\/label><\/div><div class=\"quform-inner quform-inner-text quform-inner-2_6\"><div class=\"quform-input quform-input-text quform-input-2_6 quform-cf\"><input type=\"text\" id=\"quform_2_6_7af566\" name=\"quform_2_6\" class=\"quform-field quform-field-text quform-field-2_6\" \/><\/div><\/div><\/div><\/div><div class=\"quform-element quform-element-email quform-element-2_10 quform-cf quform-labels-inside quform-element-required\"><div class=\"quform-spacer\"><div class=\"quform-label quform-label-2_10\"><span class=\"quform-label-icon\"><i class=\"fa fa-envelope\"><\/i><\/span><label class=\"quform-label-text\" for=\"quform_2_10_7af566\">Mail<span class=\"quform-required\">*<\/span><\/label><\/div><div class=\"quform-inner quform-inner-email quform-inner-2_10\"><div class=\"quform-input quform-input-email quform-input-2_10 quform-cf\"><input type=\"email\" id=\"quform_2_10_7af566\" name=\"quform_2_10\" class=\"quform-field quform-field-email quform-field-2_10\" \/><\/div><\/div><\/div><\/div><\/div><div class=\"quform-element quform-element-column quform-element-2_5\"><div class=\"quform-element quform-element-text quform-element-2_7 quform-cf quform-labels-inside quform-element-required\"><div class=\"quform-spacer\"><div class=\"quform-label quform-label-2_7\"><span class=\"quform-label-icon\"><i class=\"fa fa-phone\"><\/i><\/span><label class=\"quform-label-text\" for=\"quform_2_7_7af566\">Phone<span class=\"quform-required\">*<\/span><\/label><\/div><div class=\"quform-inner quform-inner-text quform-inner-2_7\"><div class=\"quform-input quform-input-text quform-input-2_7 quform-cf\"><input type=\"text\" id=\"quform_2_7_7af566\" name=\"quform_2_7\" class=\"quform-field quform-field-text quform-field-2_7\" \/><\/div><\/div><\/div><\/div><div class=\"quform-element quform-element-text quform-element-2_8 quform-cf quform-labels-inside quform-element-required\"><div class=\"quform-spacer\"><div class=\"quform-label quform-label-2_8\"><span class=\"quform-label-icon\"><i class=\"fa fa-building-o\"><\/i><\/span><label class=\"quform-label-text\" for=\"quform_2_8_7af566\">Company<span class=\"quform-required\">*<\/span><\/label><\/div><div class=\"quform-inner quform-inner-text quform-inner-2_8\"><div class=\"quform-input quform-input-text quform-input-2_8 quform-cf\"><input type=\"text\" id=\"quform_2_8_7af566\" name=\"quform_2_8\" class=\"quform-field quform-field-text quform-field-2_8\" \/><\/div><\/div><\/div><\/div><\/div><\/div><div class=\"quform-element quform-element-textarea quform-element-2_11 quform-cf quform-labels-inside quform-element-required\"><div class=\"quform-spacer\"><div class=\"quform-label quform-label-2_11\"><span class=\"quform-label-icon\"><i class=\"qicon-mode_edit\"><\/i><\/span><label class=\"quform-label-text\" for=\"quform_2_11_7af566\">Your Message<span class=\"quform-required\">*<\/span><\/label><\/div><div class=\"quform-inner quform-inner-textarea quform-inner-2_11\"><div class=\"quform-input quform-input-textarea quform-input-2_11 quform-cf\"><textarea id=\"quform_2_11_7af566\" name=\"quform_2_11\" class=\"quform-field quform-field-textarea quform-field-2_11\"><\/textarea><\/div><\/div><\/div><\/div><div class=\"quform-element quform-element-row quform-element-row-2_12 quform-2-columns quform-element-row-size-fixed quform-responsive-columns-phone-landscape\"><div class=\"quform-element quform-element-column quform-element-2_13\"><div class=\"quform-element quform-element-captcha quform-element-2_15 quform-cf quform-labels-inside quform-element-required\"><div class=\"quform-spacer\"><div class=\"quform-label quform-label-2_15\"><label class=\"quform-label-text\" for=\"quform_2_15_7af566\">Please fill the craracters<span class=\"quform-required\">*<\/span><\/label><\/div><div class=\"quform-inner quform-inner-captcha quform-inner-2_15\"><div class=\"quform-input quform-input-captcha quform-input-2_15 quform-cf\"><input type=\"text\" id=\"quform_2_15_7af566\" name=\"quform_2_15\" class=\"quform-field quform-field-captcha quform-field-2_15\" \/><\/div><div class=\"quform-captcha quform-cf\"><div class=\"quform-captcha-image quform-captcha-image-2_15\"><img src=\"data:image\/png;base64,iVBORw0KGgoAAAANSUhEUgAAAOYAAABQBAMAAAD\/1xTgAAAAG1BMVEX\/\/\/8iIiLj4+PHx8eQkJBZWVk9PT2srKx0dHS\/refSAAAACXBIWXMAAA7EAAAOxAGVKw4bAAADUklEQVRoge2Xz1PTQBTHwzZtOPoUQo8pAuORkrFcqYbxahzKeCQKyJEf1V4J4kz\/bPft7w3ZpMoYL\/s98GOb3c\/b9zMNAi8vLy8vL69\/o95yv2skyeFV18wJwGbHSAJUHTP3\/gMz7565Dt0zp90zexR4U2WS9KBpDykAvj2DOQLYGleYb+iZm9fuPRiO+O+RaPJ9hckjHLt7U\/950ehjP7CZaAZqw7mp9ydMkiaVlRLgS3BjeQrr9eKU\/jhyHxStyiTH1GN2mOhe2K8wab2+ozGFpia8EpMc\/jovWZgSc5l6dSuwmaGATWEoVnZmy2xxd2BuXIUpYhTTXx8ry\/d4vMEc4c1ZF5aNX8QX4geL+QMuZ7Pi3MnkqbiRUIjpsQE\/2GKWPHkizQQpPX2QKRad6c2ZR+hGMx1zzKAKE+CMzBcJ0fFUTP2UwXTWMSmuCtxCSpMZCjNL+7RH6sz451uZbgTiRbac5Wb1ILOs3L1GU\/x4ZGUjzyBk6p19ealPyl7+aWmmAsuhPe6lBt1gHo5Zzkix5Li8mFEXLLP3fG2gPCkD1WNeoLYM9U5k0tzYTJqZIzS3D0aeEbCUiMcArjJaycohjIkZfmQzJ5b9tVpjLkrNJZt5LdzBwrajK5n5diLCoJmRdfF6DZ6OgknNPafiPhN9r+8PrMOaRRGxAdh2TSyXpLpGtre30zQtMDNvA8HkplHKmX6QAr6aGyNm5cs2Zugu39zIW9XyCuPI9WrP5Ex7rUY996DIjcioplEaVZWz0pnr8kdmZvfROhG3\/wuDOa5h7rJ0CQ0jIkzrvGHECrnNMrvJmvxb+1bUSd\/I3AiTY6+h8Qnl8KJu+XiG8\/lzJrbLVDNySLSrgc1kj7R9zylr8yyqNPCeaGgDFYpI1MnA9m3A5m7SzKTN7\/RpRw4r9YkN\/5p9V5MLsk7WDJtD9mnY0nDJPK+ddiSvDEdsuCeZMUVoNC+WH+7SUsWGvYPBkLuogTpyTViSprQxLFQhKCPuxYLuVJIpZs+Yo91M\/hWhNbkD5W31aK6YZ2KFvwHAqI1JoxI\/3q6ApP0dZ9wwkf\/uPmHyt6uNEC5PCz1na6w\/uVsJyM6cy2nK9PpwTt8T6PFt1ejl5eXl5eXl5eXl5bW6fgP8+IrIyHwiQQAAAABJRU5ErkJggg==\" alt=\"CAPTCHA image\" data-element-id=\"15\" width=\"115\" height=\"40\" \/><\/div><\/div><\/div><\/div><\/div><\/div><div class=\"quform-element quform-element-column quform-element-2_14\"><div class=\"quform-element quform-element-submit quform-element-2_2 quform-cf quform-button-style-theme quform-button-width-full\"><div class=\"quform-button-submit quform-button-submit-default quform-button-submit-2_2 quform-button-icon-right\"><button name=\"quform_submit\" type=\"submit\" class=\"quform-submit\" value=\"submit\"><span class=\"quform-button-text quform-button-submit-text\">SEND NOW<\/span><span class=\"quform-button-icon quform-button-submit-icon\"><i class=\"qicon-paper-plane\"><\/i><\/span><\/button><\/div><div class=\"quform-loading quform-loading-position-left quform-loading-type-spinner-1\"><div class=\"quform-loading-inner\"><div class=\"quform-loading-spinner\"><div class=\"quform-loading-spinner-inner\"><\/div><\/div><\/div><\/div><\/div><\/div><\/div><div class=\"quform-element-tree\"><label for=\"quform_2_0_7af566\">This field should be left blank<\/label><input type=\"text\" id=\"quform_2_0_7af566\" name=\"quform_2_0\" class=\"quform-field quform-field-tree quform-field-2_0\" tabindex=\"-1\" autocomplete=\"off\" \/><\/div><\/div><\/div><\/div><\/div><\/form><\/div>[\/vc_column_text][\/vc_column][\/vc_row]<\/p>\n","protected":false},"excerpt":{"rendered":"<p>[vc_row full_width=&#8221;stretch_row_content&#8221;][vc_column][vc_column_text][\/vc_column_text][\/vc_column][\/vc_row][vc_row full_width=&#8221;stretch_row&#8221; css=&#8221;.vc_custom_1640913528028{margin-top: 80px !important;}&#8221;][vc_column width=&#8221;3\/5&#8243; el_class=&#8221;with_adr&#8221;][\/vc_column][vc_column width=&#8221;1\/5&#8243;][\/vc_column][vc_column width=&#8221;1\/5&#8243;][\/vc_column][\/vc_row][vc_row full_width=&#8221;stretch_row&#8221; css=&#8221;.vc_custom_1639720101414{padding-top: 100px !important;}&#8221;][vc_column][vc_column_text] CONTACT &amp; INFORMATION FORM &nbsp; [\/vc_column_text][\/vc_column][\/vc_row]<\/p>\n","protected":false},"author":1,"featured_media":0,"parent":0,"menu_order":0,"comment_status":"closed","ping_status":"closed","template":"","meta":[],"_links":{"self":[{"href":"https:\/\/www.uzarpaslanmaz.com\/en\/wp-json\/wp\/v2\/pages\/562"}],"collection":[{"href":"https:\/\/www.uzarpaslanmaz.com\/en\/wp-json\/wp\/v2\/pages"}],"about":[{"href":"https:\/\/www.uzarpaslanmaz.com\/en\/wp-json\/wp\/v2\/types\/page"}],"author":[{"embeddable":true,"href":"https:\/\/www.uzarpaslanmaz.com\/en\/wp-json\/wp\/v2\/users\/1"}],"replies":[{"embeddable":true,"href":"https:\/\/www.uzarpaslanmaz.com\/en\/wp-json\/wp\/v2\/comments?post=562"}],"version-history":[{"count":5,"href":"https:\/\/www.uzarpaslanmaz.com\/en\/wp-json\/wp\/v2\/pages\/562\/revisions"}],"predecessor-version":[{"id":786,"href":"https:\/\/www.uzarpaslanmaz.com\/en\/wp-json\/wp\/v2\/pages\/562\/revisions\/786"}],"wp:attachment":[{"href":"https:\/\/www.uzarpaslanmaz.com\/en\/wp-json\/wp\/v2\/media?parent=562"}],"curies":[{"name":"wp","href":"https:\/\/api.w.org\/{rel}","templated":true}]}}